{"id":2,"date":"2019-11-28T15:16:01","date_gmt":"2019-11-28T14:16:01","guid":{"rendered":"https:\/\/longsformats.artecom.studio\/sportsetpolitique\/?page_id=2"},"modified":"2020-03-10T11:11:34","modified_gmt":"2020-03-10T10:11:34","slug":"page-d-exemple","status":"publish","type":"page","link":"https:\/\/longsformats.artecom.studio\/sportsetpolitique\/","title":{"rendered":"Sport, terrain de la politique"},"content":{"rendered":"\n<h3 class=\"wp-block-heading\" style=\"text-align:center\">Communication politique et \u00e9v\u00e9nements sportifs<\/h3>\n\n\n\n<p><\/p>\n\n\n\n<p><em>Panem et circenses<\/em>, \u00ab du pain et des jeux \u00bb. D\u00e8s l\u2019\u00e9poque romaine, les dirigeants politiques utilisaient les \u00e9v\u00e9nements sportifs comme instrument de communication, voire de manipulation d\u2019une population. Le sport comme la politique transmettent des valeurs : dans le cas du sport, il s\u2019agit de valeurs de force, d\u2019unit\u00e9, de t\u00e9nacit\u00e9, de courage. Des valeurs qui sont parfois au fondement m\u00eame de la politique de certains pays : \u00ab L&rsquo;union fait la force \u00bb (devise de la Belgique), \u00ab Foi, unit\u00e9, discipline \u00bb (devise du Pakistan), \u00ab Par le courage et la constance \u00bb (devise de Malte).<\/p>\n\n\n\n<p>Ainsi, au XXIe si\u00e8cle, les liens entre sport et pouvoir politique sont plus que jamais d\u2019actualit\u00e9. La popularit\u00e9 de ce sujet et la m\u00e9diatisation tr\u00e8s intense des \u00e9v\u00e9nements sportifs internationaux offrent une visibilit\u00e9 dont les pouvoirs politiques se sont empress\u00e9s de s\u2019emparer. Les manifestations sportives permettent \u00e0 un gouvernement de faire preuve de diplomatie sur le plan international, tout en am\u00e9liorant son image \u00e0 l\u2019int\u00e9rieur m\u00eame de son pays. Dans certains cas, on peut parler de soft-power, voire de propagande. Mais le sport est \u201cpolitique\u201d dans tous les sens du terme : aux mains des citoyens, il devient un instrument de lutte sociale, un moyen qui permet de militer pour des causes et de modifier les soci\u00e9t\u00e9s.<\/p>\n\n\n\n<p>Ce journal a pour objectif de traiter les relations entre politique et manifestations sportives. Chaque article propose une analyse d\u2019un sujet qui relie le sport \u00e0 une certaine d\u00e9finition du mot \u00ab politique \u00bb.<\/p>\n\n\n\n<div class=\"wp-block-cover has-background-dim\" style=\"background-image:url(https:\/\/longsformats.artecom.studio\/sportsetpolitique\/wp-content\/uploads\/sites\/8\/2020\/01\/sotchi-colombe-2.jpg)\"><div class=\"wp-block-cover__inner-container is-layout-flow wp-block-cover-is-layout-flow\">\n<h2 class=\"wp-block-heading\" style=\"text-align:center\"><a href=\"https:\/\/longsformats.artecom.studio\/sportsetpolitique\/2020\/01\/30\/daft-punk-tchaikovski-et-tron-une-ceremonie-olympique-lourde-de-sens\/\">Daft Punk, Tcha\u00efkovski et Tron :  une c\u00e9r\u00e9monie olympique lourde de sens<\/a><\/h2>\n<\/div><\/div>\n\n\n\n<div class=\"wp-block-cover has-background-dim\" style=\"background-image:url(https:\/\/longsformats.artecom.studio\/sportsetpolitique\/wp-content\/uploads\/sites\/8\/2020\/02\/Header.png)\"><div class=\"wp-block-cover__inner-container is-layout-flow wp-block-cover-is-layout-flow\">\n<h2 class=\"wp-block-heading\" style=\"text-align:center\"><a href=\"https:\/\/longsformats.artecom.studio\/sportsetpolitique\/2020\/02\/28\/coupe-du-monde-2019-un-tournant-decisif-dans-lhistoire-du-sport-feminin\/\">Coupe du monde f\u00e9minine 2019 : un tournant d\u00e9cisif dans l\u2019histoire du football f\u00e9minin ?<\/a><\/h2>\n<\/div><\/div>\n\n\n\n<div class=\"wp-block-cover has-background-dim\" style=\"background-image:url(https:\/\/longsformats.artecom.studio\/sportsetpolitique\/wp-content\/uploads\/sites\/8\/2020\/02\/forrest-gump-tom-hanks-uberpong-650x365-339-1.jpg)\"><div class=\"wp-block-cover__inner-container is-layout-flow wp-block-cover-is-layout-flow\">\n<h2 class=\"wp-block-heading\" style=\"text-align:center\"><a href=\"https:\/\/longsformats.artecom.studio\/sportsetpolitique\/?p=83\">Ping pong, la botte secr\u00e8te de la Chine<\/a><\/h2>\n<\/div><\/div>\n\n\n\n<div class=\"wp-block-cover has-background-dim\" style=\"background-image:url(https:\/\/longsformats.artecom.studio\/sportsetpolitique\/wp-content\/uploads\/sites\/8\/2020\/02\/french-rugby-naked-calendar.png)\"><div class=\"wp-block-cover__inner-container is-layout-flow wp-block-cover-is-layout-flow\">\n<h2 class=\"wp-block-heading\" style=\"text-align:center\"><a href=\"https:\/\/longsformats.artecom.studio\/sportsetpolitique\/2020\/02\/28\/touwin-rugby-club-une-melee-pour-faire-bouger-les-prejuges\/\">TOU\u2019WIN Rugby Club, une m\u00eal\u00e9e pour faire bouger les pr\u00e9jug\u00e9s<\/a><\/h2>\n<\/div><\/div>\n","protected":false},"excerpt":{"rendered":"<p>Communication politique et \u00e9v\u00e9nements sportifs Panem et circenses, \u00ab du pain et des jeux \u00bb. D\u00e8s l\u2019\u00e9poque romaine, les dirigeants politiques utilisaient les \u00e9v\u00e9nements sportifs comme instrument de communication, voire de manipulation d\u2019une population. Le sport comme la politique transmettent des valeurs : dans le cas du sport, il s\u2019agit de valeurs de force, d\u2019unit\u00e9, [&hellip;]<\/p>\n","protected":false},"author":1,"featured_media":0,"parent":0,"menu_order":0,"comment_status":"closed","ping_status":"open","template":"","meta":{"footnotes":""},"class_list":["post-2","page","type-page","status-publish","hentry","aesop-entry-content"],"_links":{"self":[{"href":"https:\/\/longsformats.artecom.studio\/sportsetpolitique\/wp-json\/wp\/v2\/pages\/2","targetHints":{"allow":["GET"]}}],"collection":[{"href":"https:\/\/longsformats.artecom.studio\/sportsetpolitique\/wp-json\/wp\/v2\/pages"}],"about":[{"href":"https:\/\/longsformats.artecom.studio\/sportsetpolitique\/wp-json\/wp\/v2\/types\/page"}],"author":[{"embeddable":true,"href":"https:\/\/longsformats.artecom.studio\/sportsetpolitique\/wp-json\/wp\/v2\/users\/1"}],"replies":[{"embeddable":true,"href":"https:\/\/longsformats.artecom.studio\/sportsetpolitique\/wp-json\/wp\/v2\/comments?post=2"}],"version-history":[{"count":7,"href":"https:\/\/longsformats.artecom.studio\/sportsetpolitique\/wp-json\/wp\/v2\/pages\/2\/revisions"}],"predecessor-version":[{"id":815,"href":"https:\/\/longsformats.artecom.studio\/sportsetpolitique\/wp-json\/wp\/v2\/pages\/2\/revisions\/815"}],"wp:attachment":[{"href":"https:\/\/longsformats.artecom.studio\/sportsetpolitique\/wp-json\/wp\/v2\/media?parent=2"}],"curies":[{"name":"wp","href":"https:\/\/api.w.org\/{rel}","templated":true}]}}